{"id":565,"date":"2018-02-18T14:06:02","date_gmt":"2018-02-18T22:06:02","guid":{"rendered":"https:\/\/caminorealbaja.com\/?page_id=565"},"modified":"2024-02-14T17:01:18","modified_gmt":"2024-02-15T01:01:18","slug":"how-to-use-this-site-hiking-in-baja","status":"publish","type":"page","link":"https:\/\/caminorealbaja.com\/es\/how-to-use-this-site-hiking-in-baja\/","title":{"rendered":"C\u00f3mo usar este sitio"},"content":{"rendered":"<p>Our website will probably be different from others you have used. There are not a lot of pages to explore, nor is there anything to buy. Everything you get here is free and we encourage you to use what you get to the fullest. This site is a source of waypoints, comments about certain features of the mission trail and photos that we hope will give you a look at what it is like to stand on the trail. After thoroughly reading the rest of this page, you will need to go to the Waypoints page and follow the directions there.\u00a0You aren&#8217;t going to get a complete understanding about all aspects of El Camino Real and the missions, but you will have a better grasp of hiking in Baja on the old mission trail. We hope that you will be encouraged to dig deeper and learn more about it. The trail is disappearing and will continue to do so unless we save it.<\/p>\n\t<p>C\u00f3mo usar este sitio<\/p>\n<p>Para entender mejor el sendero de El Camino Real, nos hemos tomado a la tarea de dividir ECR en varias secciones. Cada secci\u00f3n se refiere al segmento que viaja uno de una Misi\u00f3n a la siguiente. Todo comienza con la primera Misi\u00f3n fundada en las Californias, la Mision de Loreto. Nuestro sitio web primero cubr\u00eda solo aquellas misiones que generalmente se dirig\u00edan hacia el norte, a pesar de que otras tambi\u00e9n se construyeron en Baja California Sur. Ahora nos estamos expandiendo tanto al norte como al sur, as\u00ed como tambi\u00e9n al este y al oeste.<\/p>\n\t<ol>\n<li>Loreto a San Javier<\/li>\n<li>San Javier a Comond\u00fa<\/li>\n<li>Comond\u00fa a La Pur\u00edsima<\/li>\n<li>La Pur\u00edsima a Guadalupe<\/li>\n<li>Guadalupe a San Ignacio<\/li>\n<li>San Ignacio a Santa Gertrudis<\/li>\n<li>Santa Gertrudis a San Borja<\/li>\n<li>San Borja a Calamaju\u00e9<\/li>\n<li>Calamaju\u00e9 a Santa Mar\u00eda<\/li>\n<li>Santa Mar\u00eda a San Fernando<\/li>\n<li>San Fernando a El Rosario<\/li>\n<li>El Rosario a Santo Domingo<\/li>\n<li>Guadalupe<\/li>\n<li>Santo Domingo a San Vicente<\/li>\n<li>San Vicente a Santo Tom\u00e1s<\/li>\n<li>Santo Tom\u00e1s a San Miguel<\/li>\n<li>San Miguel a El Descanso<\/li>\n<li>El Descanso por el norte<\/li>\n<li>San Pedro M\u00e1rtir<\/li>\n<li>Santa Catalina<\/li>\n<li>Loreto a Lig\u00fc\u00ed<\/li>\n<li>San Javier a Gonzaga<\/li>\n<li>Gonzaga a Los Dolores<\/li>\n<li>Gonzaga a La Paz<\/li>\n<li>Todos Santos<\/li>\n<li>Santiago<\/li>\n<\/ol>\n\t<p>ZZ. San Jos\u00e9 del Cabo<\/p>\n<p>P-M \u00a0La Pur\u00edsima a Muleg\u00e9<\/p>\n<p>M-I \u00a0Muleg\u00e9 a San Ignacio<\/p>\n<p>L-M \u00a0Loreto a Muleg\u00e9<\/p>\n\t<p>Most of the waypoints on this website have a label starting with a letter that refers to its section of trail. The number next to the section letter indicates the waypoint&#8217;s place in the sequence. An asterisk means that this part of trail can be seen while on location or from Google Earth or both (i.e., C75*).<\/p>\n<p>Muchos puntos de ruta tienen una letra min\u00fascula al lado de la letra de secci\u00f3n (ej. Fd58 *). La segunda letra indica que esta es una ruta del sendero original de ECR. Hay muchos senderos originales, y cabe recordar que ECR es realmente una red de senderos que generalmente convergen en las distintas Misiones.<\/p>\n\t<p>Mientras exploran el sendero en Google Earth, ver\u00e1n varios \u00edconos. Hagan clic en estos para ver una foto asociada con este punto o para leer un comentario. El \u00edcono de una misi\u00f3n, por supuesto, indica la ubicaci\u00f3n de una misi\u00f3n. Debido a las peque\u00f1as ventanas en nuestras unidades GPS, muchos nombres de puntos de referencia est\u00e1n abreviados. (Ej. H2O se refiere a las fuentes de agua que hay en el sendero y lo mismo ocurre con la abreviaci\u00f3n Rcho, que significa Rancho). Muchos de ellos quedaron grabados y todav\u00eda se muestran en el mapa, as\u00ed que hemos decidido dejarlos all\u00ed para su conveniencia. Hemos etiquetado algunas de las cuestas m\u00e1s famosas, pero hay muchas que no est\u00e1n marcadas. Como hemos organizado nuestras etiquetas y comentarios desde Loreto extendiendo por varias direcciones, les recomendamos que los exploren en Google Earth en la misma manera.<\/p>\n<p>Nuestro objetivo ha sido el de ser precisos en la ubicaci\u00f3n de los puntos de referencia ya que ese es el prop\u00f3sito de este sitio web. Sin embargo, es bueno recordar que los puntos de referencia y las fotos, tambi\u00e9n se recopilaron durante muchos a\u00f1os de senderismo en Baja, por lo que es probable que se pudieran haber cometido errores. Los puntos de referencia pueden ser incorrectos en su posici\u00f3n y las fotos pueden adjuntarse al punto de referencia incorrecto. Adem\u00e1s, no todos los puntos de referencia se han colocado en un trozo de sendero conocido. Muchos de ellos act\u00faan como marcadores de lugar para que sea m\u00e1s f\u00e1cil seguir las partes existentes del sendero. Esto es importante en Google Earth, y fue a\u00fan m\u00e1s importante para nosotros mientras recorr\u00edamos el sendero. Adem\u00e1s, hemos notado en Google Earth que algunos puntos de referencia han migrado de alguna manera fuera del camino.<\/p>\n<p>Nuestros recorridos a trav\u00e9s de casi todo ECR generalmente ha sido a pie, desde Loreto hasta El Rosario para tratar de establecer la verdadera ubicaci\u00f3n del sendero (certificar que realmente est\u00e1 all\u00ed). Hemos visitado algunos segmentos hasta seis veces para finalmente satisfacernos sobre la ubicaci\u00f3n exacta del sendero original. Hemos utilizado numerosas cuentas hist\u00f3ricas, ganaderos locales y algunos sitios web para guiarnos en nuestra b\u00fasqueda. Muchos amigos nuestros se han unido a nosotros a lo largo de los a\u00f1os para que podamos tener m\u00e1s ojos buscando el sendero original. En resumen, hemos hecho todo lo que hemos podido, a pesar de haber podido cometer errores, para as\u00ed poder dar con el verdadero Camino Real, pero todav\u00eda habr\u00e1 errores.<\/p>\n<p>We have expanded our hunt for ECR in all directions and have decided to show those segments that we are presently working on even though we have not been able to confirm the trail&#8217;s exact position yet. We have included in the waypoints notes explaining the areas yet to be verified.<\/p>","protected":false},"excerpt":{"rendered":"<p>Our website will probably be different from others you have used. There are not a lot of pages to explore, nor is there anything to buy. Everything you get here is free and we encourage you to use what you get to the fullest. This site is a source of waypoints, comments about certain features &hellip;<\/p>","protected":false},"author":1,"featured_media":0,"parent":0,"menu_order":0,"comment_status":"closed","ping_status":"closed","template":"template-builder.php","meta":{"footnotes":""},"class_list":["post-565","page","type-page","status-publish","hentry"],"yoast_head":"<!-- This site is optimized with the Yoast SEO plugin v22.0 - https:\/\/yoast.com\/wordpress\/plugins\/seo\/ -->\n<title>El Camino Real in Baja | Hiking in Baja | Waypoints | Comments | Photos<\/title>\n<meta name=\"description\" content=\"This site is a source of waypoints, comments and photos of El Camino Real gathered while hiking in Baja, Mexico. These illustrate the trail&#039;s location as well as some of its features. The photos associated with the various waypoints give an image of what it is like to stand on the trail.\" \/>\n<meta name=\"robots\" content=\"index, follow, max-snippet:-1, max-image-preview:large, max-video-preview:-1\" \/>\n<link rel=\"canonical\" href=\"https:\/\/caminorealbaja.com\/es\/how-to-use-this-site-hiking-in-baja\/\" \/>\n<meta property=\"og:locale\" content=\"es_MX\" \/>\n<meta property=\"og:type\" content=\"article\" \/>\n<meta property=\"og:title\" content=\"El Camino Real in Baja | Hiking in Baja | Waypoints | Comments | Photos\" \/>\n<meta property=\"og:description\" content=\"This site is a source of waypoints, comments and photos of El Camino Real gathered while hiking in Baja, Mexico. These illustrate the trail&#039;s location as well as some of its features. The photos associated with the various waypoints give an image of what it is like to stand on the trail.\" \/>\n<meta property=\"og:url\" content=\"https:\/\/caminorealbaja.com\/es\/how-to-use-this-site-hiking-in-baja\/\" \/>\n<meta property=\"og:site_name\" content=\"El Camino Real in Baja California\" \/>\n<meta property=\"article:modified_time\" content=\"2024-02-15T01:01:18+00:00\" \/>\n<meta name=\"twitter:card\" content=\"summary_large_image\" \/>\n<meta name=\"twitter:label1\" content=\"Tiempo de lectura\" \/>\n\t<meta name=\"twitter:data1\" content=\"5 minutos\" \/>\n<script type=\"application\/ld+json\" class=\"yoast-schema-graph\">{\"@context\":\"https:\/\/schema.org\",\"@graph\":[{\"@type\":\"WebPage\",\"@id\":\"https:\/\/caminorealbaja.com\/how-to-use-this-site-hiking-in-baja\/\",\"url\":\"https:\/\/caminorealbaja.com\/how-to-use-this-site-hiking-in-baja\/\",\"name\":\"El Camino Real in Baja | Hiking in Baja | Waypoints | Comments | Photos\",\"isPartOf\":{\"@id\":\"https:\/\/caminorealbaja.com\/#website\"},\"datePublished\":\"2018-02-18T22:06:02+00:00\",\"dateModified\":\"2024-02-15T01:01:18+00:00\",\"description\":\"This site is a source of waypoints, comments and photos of El Camino Real gathered while hiking in Baja, Mexico. These illustrate the trail's location as well as some of its features. The photos associated with the various waypoints give an image of what it is like to stand on the trail.\",\"breadcrumb\":{\"@id\":\"https:\/\/caminorealbaja.com\/how-to-use-this-site-hiking-in-baja\/#breadcrumb\"},\"inLanguage\":\"es\",\"potentialAction\":[{\"@type\":\"ReadAction\",\"target\":[\"https:\/\/caminorealbaja.com\/how-to-use-this-site-hiking-in-baja\/\"]}]},{\"@type\":\"BreadcrumbList\",\"@id\":\"https:\/\/caminorealbaja.com\/how-to-use-this-site-hiking-in-baja\/#breadcrumb\",\"itemListElement\":[{\"@type\":\"ListItem\",\"position\":1,\"name\":\"Home\",\"item\":\"https:\/\/caminorealbaja.com\/\"},{\"@type\":\"ListItem\",\"position\":2,\"name\":\"How to Use This Site\"}]},{\"@type\":\"WebSite\",\"@id\":\"https:\/\/caminorealbaja.com\/#website\",\"url\":\"https:\/\/caminorealbaja.com\/\",\"name\":\"El Camino Real in Baja California\",\"description\":\"Precisely Locating the Old Mission Trails\",\"potentialAction\":[{\"@type\":\"SearchAction\",\"target\":{\"@type\":\"EntryPoint\",\"urlTemplate\":\"https:\/\/caminorealbaja.com\/?s={search_term_string}\"},\"query-input\":\"required name=search_term_string\"}],\"inLanguage\":\"es\"}]}<\/script>\n<!-- \/ Yoast SEO plugin. -->","yoast_head_json":{"title":"El Camino Real in Baja | Hiking in Baja | Waypoints | Comments | Photos","description":"This site is a source of waypoints, comments and photos of El Camino Real gathered while hiking in Baja, Mexico. These illustrate the trail's location as well as some of its features. The photos associated with the various waypoints give an image of what it is like to stand on the trail.","robots":{"index":"index","follow":"follow","max-snippet":"max-snippet:-1","max-image-preview":"max-image-preview:large","max-video-preview":"max-video-preview:-1"},"canonical":"https:\/\/caminorealbaja.com\/es\/how-to-use-this-site-hiking-in-baja\/","og_locale":"es_MX","og_type":"article","og_title":"El Camino Real in Baja | Hiking in Baja | Waypoints | Comments | Photos","og_description":"This site is a source of waypoints, comments and photos of El Camino Real gathered while hiking in Baja, Mexico. These illustrate the trail's location as well as some of its features. The photos associated with the various waypoints give an image of what it is like to stand on the trail.","og_url":"https:\/\/caminorealbaja.com\/es\/how-to-use-this-site-hiking-in-baja\/","og_site_name":"El Camino Real in Baja California","article_modified_time":"2024-02-15T01:01:18+00:00","twitter_card":"summary_large_image","twitter_misc":{"Tiempo de lectura":"5 minutos"},"schema":{"@context":"https:\/\/schema.org","@graph":[{"@type":"WebPage","@id":"https:\/\/caminorealbaja.com\/how-to-use-this-site-hiking-in-baja\/","url":"https:\/\/caminorealbaja.com\/how-to-use-this-site-hiking-in-baja\/","name":"El Camino Real in Baja | Hiking in Baja | Waypoints | Comments | Photos","isPartOf":{"@id":"https:\/\/caminorealbaja.com\/#website"},"datePublished":"2018-02-18T22:06:02+00:00","dateModified":"2024-02-15T01:01:18+00:00","description":"This site is a source of waypoints, comments and photos of El Camino Real gathered while hiking in Baja, Mexico. These illustrate the trail's location as well as some of its features. The photos associated with the various waypoints give an image of what it is like to stand on the trail.","breadcrumb":{"@id":"https:\/\/caminorealbaja.com\/how-to-use-this-site-hiking-in-baja\/#breadcrumb"},"inLanguage":"es","potentialAction":[{"@type":"ReadAction","target":["https:\/\/caminorealbaja.com\/how-to-use-this-site-hiking-in-baja\/"]}]},{"@type":"BreadcrumbList","@id":"https:\/\/caminorealbaja.com\/how-to-use-this-site-hiking-in-baja\/#breadcrumb","itemListElement":[{"@type":"ListItem","position":1,"name":"Home","item":"https:\/\/caminorealbaja.com\/"},{"@type":"ListItem","position":2,"name":"How to Use This Site"}]},{"@type":"WebSite","@id":"https:\/\/caminorealbaja.com\/#website","url":"https:\/\/caminorealbaja.com\/","name":"El Camino Real in Baja California","description":"Precisely Locating the Old Mission Trails","potentialAction":[{"@type":"SearchAction","target":{"@type":"EntryPoint","urlTemplate":"https:\/\/caminorealbaja.com\/?s={search_term_string}"},"query-input":"required name=search_term_string"}],"inLanguage":"es"}]}},"_links":{"self":[{"href":"https:\/\/caminorealbaja.com\/es\/wp-json\/wp\/v2\/pages\/565","targetHints":{"allow":["GET"]}}],"collection":[{"href":"https:\/\/caminorealbaja.com\/es\/wp-json\/wp\/v2\/pages"}],"about":[{"href":"https:\/\/caminorealbaja.com\/es\/wp-json\/wp\/v2\/types\/page"}],"author":[{"embeddable":true,"href":"https:\/\/caminorealbaja.com\/es\/wp-json\/wp\/v2\/users\/1"}],"replies":[{"embeddable":true,"href":"https:\/\/caminorealbaja.com\/es\/wp-json\/wp\/v2\/comments?post=565"}],"version-history":[{"count":16,"href":"https:\/\/caminorealbaja.com\/es\/wp-json\/wp\/v2\/pages\/565\/revisions"}],"predecessor-version":[{"id":960,"href":"https:\/\/caminorealbaja.com\/es\/wp-json\/wp\/v2\/pages\/565\/revisions\/960"}],"wp:attachment":[{"href":"https:\/\/caminorealbaja.com\/es\/wp-json\/wp\/v2\/media?parent=565"}],"curies":[{"name":"wp","href":"https:\/\/api.w.org\/{rel}","templated":true}]}}